{"id":5991,"date":"2019-03-11T13:36:17","date_gmt":"2019-03-11T13:36:17","guid":{"rendered":"https:\/\/adtwist.fi\/?page_id=5991"},"modified":"2022-04-21T11:44:39","modified_gmt":"2022-04-21T11:44:39","slug":"twist","status":"publish","type":"page","link":"https:\/\/adtwist.fi\/index.php\/twist\/","title":{"rendered":"Twist"},"content":{"rendered":"[vc_row type=&#8221;full_width_background&#8221; full_screen_row_position=&#8221;middle&#8221; column_margin=&#8221;default&#8221; column_direction=&#8221;default&#8221; column_direction_tablet=&#8221;default&#8221; column_direction_phone=&#8221;default&#8221; bg_image=&#8221;5825&#8243; bg_position=&#8221;center center&#8221; background_image_loading=&#8221;default&#8221; bg_repeat=&#8221;no-repeat&#8221; scene_position=&#8221;center&#8221; top_padding=&#8221;9%&#8221; bottom_padding=&#8221;13%&#8221; text_color=&#8221;light&#8221; text_align=&#8221;left&#8221; row_border_radius=&#8221;none&#8221; row_border_radius_applies=&#8221;bg&#8221; overflow=&#8221;visible&#8221; enable_gradient=&#8221;true&#8221; color_overlay=&#8221;#ff1053&#8243; color_overlay_2=&#8221;#ff4f0f&#8221; overlay_strength=&#8221;0.95&#8243; gradient_direction=&#8221;left_to_right&#8221; shape_divider_position=&#8221;bottom&#8221; bg_image_animation=&#8221;none&#8221; shape_type=&#8221;&#8221;][vc_column column_padding=&#8221;no-extra-padding&#8221; column_padding_tablet=&#8221;inherit&#8221; column_padding_phone=&#8221;inherit&#8221; column_padding_position=&#8221;all&#8221; column_element_spacing=&#8221;default&#8221; background_color_opacity=&#8221;1&#8243; background_hover_color_opacity=&#8221;1&#8243; column_shadow=&#8221;none&#8221; column_border_radius=&#8221;none&#8221; column_link_target=&#8221;_self&#8221; column_position=&#8221;default&#8221; gradient_direction=&#8221;left_to_right&#8221; overlay_strength=&#8221;0.3&#8243; width=&#8221;1\/1&#8243; tablet_width_inherit=&#8221;default&#8221; tablet_text_alignment=&#8221;default&#8221; phone_text_alignment=&#8221;default&#8221; animation_type=&#8221;default&#8221; bg_image_animation=&#8221;none&#8221; border_type=&#8221;simple&#8221; column_border_width=&#8221;none&#8221; column_border_style=&#8221;solid&#8221;][vc_column_text]\n<h2>Sytyt\u00e4 liiketoimintasi kipin\u00e4<br \/>\nja luo vetoimainen br\u00e4ndi.<\/h2>\n[\/vc_column_text][\/vc_column][\/vc_row][vc_row type=&#8221;in_container&#8221; full_screen_row_position=&#8221;middle&#8221; column_margin=&#8221;default&#8221; column_direction=&#8221;default&#8221; column_direction_tablet=&#8221;default&#8221; column_direction_phone=&#8221;default&#8221; scene_position=&#8221;center&#8221; text_color=&#8221;dark&#8221; text_align=&#8221;left&#8221; row_border_radius=&#8221;none&#8221; row_border_radius_applies=&#8221;bg&#8221; overflow=&#8221;visible&#8221; overlay_strength=&#8221;0.3&#8243; gradient_direction=&#8221;left_to_right&#8221; shape_divider_position=&#8221;bottom&#8221; bg_image_animation=&#8221;none&#8221;][vc_column column_padding=&#8221;no-extra-padding&#8221; column_padding_tablet=&#8221;inherit&#8221; column_padding_phone=&#8221;inherit&#8221; column_padding_position=&#8221;all&#8221; top_margin=&#8221;40&#8243; column_element_spacing=&#8221;default&#8221; background_color_opacity=&#8221;1&#8243; background_hover_color_opacity=&#8221;1&#8243; column_shadow=&#8221;none&#8221; column_border_radius=&#8221;none&#8221; column_link_target=&#8221;_self&#8221; column_position=&#8221;default&#8221; gradient_direction=&#8221;left_to_right&#8221; overlay_strength=&#8221;0.3&#8243; width=&#8221;2\/3&#8243; tablet_width_inherit=&#8221;default&#8221; tablet_text_alignment=&#8221;default&#8221; phone_text_alignment=&#8221;default&#8221; animation_type=&#8221;default&#8221; bg_image_animation=&#8221;none&#8221; border_type=&#8221;simple&#8221; column_border_width=&#8221;none&#8221; column_border_style=&#8221;solid&#8221;][vc_column_text]\n<h3>With a Twist<\/h3>\n<p>Nimeni on Jaana Kurvinen ja olen Ad Twistin yritt\u00e4j\u00e4 ja br\u00e4ndivalmentaja. Vuodesta 2014 l\u00e4htien olen auttanut lukuisia yrityksi\u00e4 l\u00f6yt\u00e4m\u00e4\u00e4n ja hy\u00f6dynt\u00e4m\u00e4\u00e4n omaa potentiaaliaan. T\u00e4rkein tavoitteeni on saada aikaan oivalluksia ja uusia ajatuksia, sytytt\u00e4\u00e4 uutta kipin\u00e4\u00e4 liiketoimintaan! Lopputuloksena syntyy vahvoja br\u00e4ndej\u00e4, visuaalisia tarinoita ja taloudellista kasvua.<\/p>\n<h3>Inspiroin<\/h3>\n<p>T\u00e4rkein missioni on tuulettaa asiakkaan ajatuksia. L\u00e4hes 20 vuoden kokemuksella rohkenen haastaa tavanomaista ja tuoda uudenlaisia l\u00e4hestymistapoja ja ideoita yritystoimintaan.<\/p>\n<h3>Kiteyt\u00e4n<\/h3>\n<p>Olen luonteeltani suunnattoman utelias ja innokas ratkomaan uusia haasteita. Ehk\u00e4 juuri t\u00e4m\u00e4n takia minulla on kyky hahmottaa laajoja kokonaisuuksia, tunnistaa olennainen ja muuttaa se ymm\u00e4rrett\u00e4v\u00e4ksi kuvaksi tai viestiksi.<\/p>\n<h3>Visualisoin<\/h3>\n<p>Kun ajatus on vihdoin kirkas, visualisointi helpottaa sen omaksumista. Visuaalisuus on hyv\u00e4 keino erottautua kilpailijoista ja kertoa yrityksen tarinaa. Sen avulla voidaan her\u00e4tt\u00e4\u00e4 tunneside tuotteeseen tai palveluun, eli luoda br\u00e4ndi.<\/p>\n[\/vc_column_text][\/vc_column][vc_column column_padding=&#8221;padding-5-percent&#8221; column_padding_tablet=&#8221;inherit&#8221; column_padding_phone=&#8221;inherit&#8221; column_padding_position=&#8221;top&#8221; column_element_spacing=&#8221;default&#8221; background_color_opacity=&#8221;1&#8243; background_hover_color_opacity=&#8221;1&#8243; column_shadow=&#8221;none&#8221; column_border_radius=&#8221;none&#8221; column_link_target=&#8221;_self&#8221; column_position=&#8221;default&#8221; gradient_direction=&#8221;left_to_right&#8221; overlay_strength=&#8221;0.3&#8243; width=&#8221;1\/3&#8243; tablet_width_inherit=&#8221;default&#8221; tablet_text_alignment=&#8221;default&#8221; phone_text_alignment=&#8221;default&#8221; animation_type=&#8221;default&#8221; bg_image_animation=&#8221;none&#8221; border_type=&#8221;simple&#8221; column_border_width=&#8221;none&#8221; column_border_style=&#8221;solid&#8221;][image_with_animation image_url=&#8221;5994&#8243; image_size=&#8221;full&#8221; animation_type=&#8221;entrance&#8221; animation=&#8221;Fade In&#8221; hover_animation=&#8221;none&#8221; alignment=&#8221;&#8221; border_radius=&#8221;none&#8221; box_shadow=&#8221;none&#8221; image_loading=&#8221;default&#8221; max_width=&#8221;100%&#8221; max_width_mobile=&#8221;default&#8221;][vc_row_inner column_margin=&#8221;default&#8221; column_direction=&#8221;default&#8221; column_direction_tablet=&#8221;default&#8221; column_direction_phone=&#8221;default&#8221; text_align=&#8221;left&#8221; row_position=&#8221;default&#8221; row_position_tablet=&#8221;inherit&#8221; row_position_phone=&#8221;inherit&#8221; overflow=&#8221;visible&#8221; pointer_events=&#8221;all&#8221;][vc_column_inner column_padding=&#8221;no-extra-padding&#8221; column_padding_tablet=&#8221;inherit&#8221; column_padding_phone=&#8221;inherit&#8221; column_padding_position=&#8221;all&#8221; column_element_spacing=&#8221;default&#8221; background_color_opacity=&#8221;1&#8243; background_hover_color_opacity=&#8221;1&#8243; column_shadow=&#8221;none&#8221; column_border_radius=&#8221;none&#8221; column_link_target=&#8221;_self&#8221; gradient_direction=&#8221;left_to_right&#8221; overlay_strength=&#8221;0.3&#8243; width=&#8221;1\/3&#8243; tablet_width_inherit=&#8221;default&#8221; animation_type=&#8221;default&#8221; bg_image_animation=&#8221;none&#8221; border_type=&#8221;simple&#8221; column_border_width=&#8221;none&#8221; column_border_style=&#8221;solid&#8221;][nectar_icon icon_family=&#8221;fontawesome&#8221; icon_style=&#8221;default&#8221; icon_color_type=&#8221;color_scheme&#8221; icon_color=&#8221;Accent-Color&#8221; open_new_tab=&#8221;true&#8221; icon_padding=&#8221;20px&#8221; pointer_events=&#8221;all&#8221; icon_fontawesome=&#8221;fa fa-linkedin-square&#8221; url=&#8221;https:\/\/www.linkedin.com\/in\/jaana-kurvinen-a5454456\/&#8221;][\/vc_column_inner][vc_column_inner column_padding=&#8221;no-extra-padding&#8221; column_padding_tablet=&#8221;inherit&#8221; column_padding_phone=&#8221;inherit&#8221; column_padding_position=&#8221;all&#8221; column_element_spacing=&#8221;default&#8221; background_color_opacity=&#8221;1&#8243; background_hover_color_opacity=&#8221;1&#8243; column_shadow=&#8221;none&#8221; column_border_radius=&#8221;none&#8221; column_link_target=&#8221;_self&#8221; gradient_direction=&#8221;left_to_right&#8221; overlay_strength=&#8221;0.3&#8243; width=&#8221;1\/3&#8243; tablet_width_inherit=&#8221;default&#8221; animation_type=&#8221;default&#8221; bg_image_animation=&#8221;none&#8221; border_type=&#8221;simple&#8221; column_border_width=&#8221;none&#8221; column_border_style=&#8221;solid&#8221;][nectar_icon icon_family=&#8221;fontawesome&#8221; icon_style=&#8221;default&#8221; icon_color_type=&#8221;color_scheme&#8221; icon_color=&#8221;Accent-Color&#8221; icon_padding=&#8221;20px&#8221; pointer_events=&#8221;all&#8221; icon_fontawesome=&#8221;fa fa-mobile&#8221; url=&#8221;tel:+358406317080&#8243;][\/vc_column_inner][vc_column_inner column_padding=&#8221;no-extra-padding&#8221; column_padding_tablet=&#8221;inherit&#8221; column_padding_phone=&#8221;inherit&#8221; column_padding_position=&#8221;all&#8221; column_element_spacing=&#8221;default&#8221; background_color_opacity=&#8221;1&#8243; background_hover_color_opacity=&#8221;1&#8243; column_shadow=&#8221;none&#8221; column_border_radius=&#8221;none&#8221; column_link_target=&#8221;_self&#8221; gradient_direction=&#8221;left_to_right&#8221; overlay_strength=&#8221;0.3&#8243; width=&#8221;1\/3&#8243; tablet_width_inherit=&#8221;default&#8221; animation_type=&#8221;default&#8221; bg_image_animation=&#8221;none&#8221; border_type=&#8221;simple&#8221; column_border_width=&#8221;none&#8221; column_border_style=&#8221;solid&#8221;][nectar_icon icon_family=&#8221;fontawesome&#8221; icon_style=&#8221;default&#8221; icon_color_type=&#8221;color_scheme&#8221; icon_color=&#8221;Accent-Color&#8221; icon_padding=&#8221;20px&#8221; pointer_events=&#8221;all&#8221; icon_fontawesome=&#8221;fa fa-envelope-o&#8221; url=&#8221;mailto:jaana.kurvinen@adtwist.fi&#8221;][\/vc_column_inner][\/vc_row_inner][\/vc_column][\/vc_row][vc_row type=&#8221;full_width_background&#8221; full_screen_row_position=&#8221;middle&#8221; column_margin=&#8221;default&#8221; column_direction=&#8221;default&#8221; column_direction_tablet=&#8221;default&#8221; column_direction_phone=&#8221;default&#8221; bg_color=&#8221;#333333&#8243; scene_position=&#8221;center&#8221; top_padding=&#8221;19%&#8221; bottom_padding=&#8221;9%&#8221; text_color=&#8221;light&#8221; text_align=&#8221;left&#8221; row_border_radius=&#8221;none&#8221; row_border_radius_applies=&#8221;bg&#8221; overflow=&#8221;visible&#8221; enable_gradient=&#8221;true&#8221; color_overlay=&#8221;#ff1053&#8243; color_overlay_2=&#8221;#ff4f0f&#8221; overlay_strength=&#8221;1&#8243; gradient_direction=&#8221;left_t_to_right_b&#8221; enable_shape_divider=&#8221;true&#8221; shape_divider_position=&#8221;top&#8221; shape_divider_height=&#8221;250&#8243; bg_image_animation=&#8221;none&#8221; shape_type=&#8221;waves_opacity_alt&#8221;][vc_column column_padding=&#8221;no-extra-padding&#8221; column_padding_tablet=&#8221;inherit&#8221; column_padding_phone=&#8221;inherit&#8221; column_padding_position=&#8221;all&#8221; column_element_spacing=&#8221;default&#8221; centered_text=&#8221;true&#8221; background_color_opacity=&#8221;1&#8243; background_hover_color_opacity=&#8221;1&#8243; column_shadow=&#8221;none&#8221; column_border_radius=&#8221;none&#8221; column_link_target=&#8221;_self&#8221; column_position=&#8221;default&#8221; gradient_direction=&#8221;left_to_right&#8221; overlay_strength=&#8221;0.3&#8243; width=&#8221;1\/6&#8243; tablet_width_inherit=&#8221;default&#8221; tablet_text_alignment=&#8221;default&#8221; phone_text_alignment=&#8221;default&#8221; animation_type=&#8221;default&#8221; bg_image_animation=&#8221;none&#8221; border_type=&#8221;simple&#8221; column_border_width=&#8221;none&#8221; column_border_style=&#8221;solid&#8221;][\/vc_column][vc_column column_padding=&#8221;no-extra-padding&#8221; column_padding_tablet=&#8221;inherit&#8221; column_padding_phone=&#8221;inherit&#8221; column_padding_position=&#8221;all&#8221; column_element_spacing=&#8221;default&#8221; centered_text=&#8221;true&#8221; background_color_opacity=&#8221;1&#8243; background_hover_color_opacity=&#8221;1&#8243; column_shadow=&#8221;none&#8221; column_border_radius=&#8221;none&#8221; column_link_target=&#8221;_self&#8221; column_position=&#8221;default&#8221; gradient_direction=&#8221;left_to_right&#8221; overlay_strength=&#8221;0.3&#8243; width=&#8221;2\/3&#8243; tablet_width_inherit=&#8221;default&#8221; tablet_text_alignment=&#8221;default&#8221; phone_text_alignment=&#8221;default&#8221; animation_type=&#8221;default&#8221; bg_image_animation=&#8221;none&#8221; border_type=&#8221;simple&#8221; column_border_width=&#8221;none&#8221; column_border_style=&#8221;solid&#8221;][vc_row_inner column_margin=&#8221;default&#8221; column_direction=&#8221;default&#8221; column_direction_tablet=&#8221;default&#8221; column_direction_phone=&#8221;default&#8221; text_align=&#8221;left&#8221; row_position=&#8221;default&#8221; row_position_tablet=&#8221;inherit&#8221; row_position_phone=&#8221;inherit&#8221; overflow=&#8221;visible&#8221; pointer_events=&#8221;all&#8221;][vc_column_inner column_padding=&#8221;no-extra-padding&#8221; column_padding_tablet=&#8221;inherit&#8221; column_padding_phone=&#8221;inherit&#8221; column_padding_position=&#8221;all&#8221; column_element_spacing=&#8221;default&#8221; centered_text=&#8221;true&#8221; background_color_opacity=&#8221;1&#8243; background_hover_color_opacity=&#8221;1&#8243; column_shadow=&#8221;none&#8221; column_border_radius=&#8221;none&#8221; column_link_target=&#8221;_self&#8221; gradient_direction=&#8221;left_to_right&#8221; overlay_strength=&#8221;0.3&#8243; width=&#8221;1\/1&#8243; tablet_width_inherit=&#8221;default&#8221; animation_type=&#8221;default&#8221; enable_animation=&#8221;true&#8221; animation=&#8221;fade-in-from-bottom&#8221; bg_image_animation=&#8221;none&#8221; border_type=&#8221;simple&#8221; column_border_width=&#8221;none&#8221; column_border_style=&#8221;solid&#8221;][vc_column_text]\n<h2>Kiinnostuitko?<br \/>\nOta yhteytt\u00e4 niin kerron lis\u00e4\u00e4!<\/h2>\n[\/vc_column_text][\/vc_column_inner][\/vc_row_inner][vc_row_inner column_margin=&#8221;default&#8221; column_direction=&#8221;default&#8221; column_direction_tablet=&#8221;default&#8221; column_direction_phone=&#8221;default&#8221; text_align=&#8221;left&#8221; row_position=&#8221;default&#8221; row_position_tablet=&#8221;inherit&#8221; row_position_phone=&#8221;inherit&#8221; overflow=&#8221;visible&#8221; pointer_events=&#8221;all&#8221;][vc_column_inner column_padding=&#8221;no-extra-padding&#8221; column_padding_tablet=&#8221;inherit&#8221; column_padding_phone=&#8221;inherit&#8221; column_padding_position=&#8221;all&#8221; column_element_spacing=&#8221;default&#8221; background_color_opacity=&#8221;1&#8243; background_hover_color_opacity=&#8221;1&#8243; column_shadow=&#8221;none&#8221; column_border_radius=&#8221;none&#8221; column_link_target=&#8221;_self&#8221; gradient_direction=&#8221;left_to_right&#8221; overlay_strength=&#8221;0.3&#8243; width=&#8221;1\/1&#8243; tablet_width_inherit=&#8221;default&#8221; animation_type=&#8221;default&#8221; enable_animation=&#8221;true&#8221; animation=&#8221;fade-in-from-bottom&#8221; bg_image_animation=&#8221;none&#8221; border_type=&#8221;simple&#8221; column_border_width=&#8221;none&#8221; column_border_style=&#8221;solid&#8221; delay=&#8221;100&#8243;][nectar_btn size=&#8221;large&#8221; button_style=&#8221;see-through-2&#8243; color_override=&#8221;#ffffff&#8221; hover_color_override=&#8221;#ffffff&#8221; hover_text_color_override=&#8221;#000000&#8243; icon_family=&#8221;none&#8221; url=&#8221;mailto:info@adtwist.fi&#8221; text=&#8221;OTA YHTEYTT\u00c4&#8221; margin_top=&#8221;25&#8243; margin_right=&#8221;10&#8243; margin_left=&#8221;10&#8243;][\/vc_column_inner][\/vc_row_inner][\/vc_column][vc_column column_padding=&#8221;no-extra-padding&#8221; column_padding_tablet=&#8221;inherit&#8221; column_padding_phone=&#8221;inherit&#8221; column_padding_position=&#8221;all&#8221; column_element_spacing=&#8221;default&#8221; background_color_opacity=&#8221;1&#8243; background_hover_color_opacity=&#8221;1&#8243; column_shadow=&#8221;none&#8221; column_border_radius=&#8221;none&#8221; column_link_target=&#8221;_self&#8221; column_position=&#8221;default&#8221; gradient_direction=&#8221;left_to_right&#8221; overlay_strength=&#8221;0.3&#8243; width=&#8221;1\/6&#8243; tablet_width_inherit=&#8221;default&#8221; tablet_text_alignment=&#8221;default&#8221; phone_text_alignment=&#8221;default&#8221; animation_type=&#8221;default&#8221; bg_image_animation=&#8221;none&#8221; border_type=&#8221;simple&#8221; column_border_width=&#8221;none&#8221; column_border_style=&#8221;solid&#8221;][\/vc_column][\/vc_row]\n","protected":false},"excerpt":{"rendered":"<p>[vc_row type=&#8221;full_width_background&#8221; full_screen_row_position=&#8221;middle&#8221; column_margin=&#8221;default&#8221; column_direction=&#8221;default&#8221; column_direction_tablet=&#8221;default&#8221; column_direction_phone=&#8221;default&#8221; bg_image=&#8221;5825&#8243; bg_position=&#8221;center center&#8221; background_image_loading=&#8221;default&#8221; bg_repeat=&#8221;no-repeat&#8221; scene_position=&#8221;center&#8221; top_padding=&#8221;9%&#8221; bottom_padding=&#8221;13%&#8221; text_color=&#8221;light&#8221; text_align=&#8221;left&#8221; row_border_radius=&#8221;none&#8221; row_border_radius_applies=&#8221;bg&#8221; overflow=&#8221;visible&#8221; enable_gradient=&#8221;true&#8221; color_overlay=&#8221;#ff1053&#8243; color_overlay_2=&#8221;#ff4f0f&#8221; overlay_strength=&#8221;0.95&#8243; gradient_direction=&#8221;left_to_right&#8221;&#8230;<\/p>\n","protected":false},"author":1,"featured_media":0,"parent":0,"menu_order":0,"comment_status":"closed","ping_status":"closed","template":"","meta":{"footnotes":""},"class_list":["post-5991","page","type-page","status-publish"],"yoast_head":"<!-- This site is optimized with the Yoast SEO plugin v25.6 - https:\/\/yoast.com\/wordpress\/plugins\/seo\/ -->\n<title>Br\u00e4ndivalmentaja Jaana Kurvinen<\/title>\n<meta name=\"description\" content=\"T\u00e4rkein tavoitteeni on saada aikaan oivalluksia ja uusia ajatuksia, sytytt\u00e4\u00e4 uutta kipin\u00e4\u00e4 liiketoimintaan!\" \/>\n<meta name=\"robots\" content=\"index, follow, max-snippet:-1, max-image-preview:large, max-video-preview:-1\" \/>\n<link rel=\"canonical\" href=\"https:\/\/adtwist.fi\/index.php\/twist\/\" \/>\n<meta property=\"og:locale\" content=\"fi_FI\" \/>\n<meta property=\"og:type\" content=\"article\" \/>\n<meta property=\"og:title\" content=\"Br\u00e4ndivalmentaja Jaana Kurvinen\" \/>\n<meta property=\"og:description\" content=\"T\u00e4rkein tavoitteeni on saada aikaan oivalluksia ja uusia ajatuksia, sytytt\u00e4\u00e4 uutta kipin\u00e4\u00e4 liiketoimintaan!\" \/>\n<meta property=\"og:url\" content=\"https:\/\/adtwist.fi\/index.php\/twist\/\" \/>\n<meta property=\"og:site_name\" content=\"Br\u00e4nditoimisto Ad Twist\" \/>\n<meta property=\"article:publisher\" content=\"https:\/\/www.facebook.com\/adtwist\" \/>\n<meta property=\"article:modified_time\" content=\"2022-04-21T11:44:39+00:00\" \/>\n<meta property=\"og:image\" content=\"https:\/\/adtwist.fi\/wp-content\/uploads\/2019\/03\/taustakuva.jpg\" \/>\n\t<meta property=\"og:image:width\" content=\"1650\" \/>\n\t<meta property=\"og:image:height\" content=\"1100\" \/>\n\t<meta property=\"og:image:type\" content=\"image\/jpeg\" \/>\n<meta name=\"twitter:card\" content=\"summary_large_image\" \/>\n<meta name=\"twitter:site\" content=\"@KurvinenJaana\" \/>\n<meta name=\"twitter:label1\" content=\"Arvioitu lukuaika\" \/>\n\t<meta name=\"twitter:data1\" content=\"8 minuuttia\" \/>\n<script type=\"application\/ld+json\" class=\"yoast-schema-graph\">{\"@context\":\"https:\/\/schema.org\",\"@graph\":[{\"@type\":\"WebPage\",\"@id\":\"https:\/\/adtwist.fi\/index.php\/twist\/\",\"url\":\"https:\/\/adtwist.fi\/index.php\/twist\/\",\"name\":\"Br\u00e4ndivalmentaja Jaana Kurvinen\",\"isPartOf\":{\"@id\":\"https:\/\/adtwist.fi\/#website\"},\"datePublished\":\"2019-03-11T13:36:17+00:00\",\"dateModified\":\"2022-04-21T11:44:39+00:00\",\"description\":\"T\u00e4rkein tavoitteeni on saada aikaan oivalluksia ja uusia ajatuksia, sytytt\u00e4\u00e4 uutta kipin\u00e4\u00e4 liiketoimintaan!\",\"breadcrumb\":{\"@id\":\"https:\/\/adtwist.fi\/index.php\/twist\/#breadcrumb\"},\"inLanguage\":\"fi\",\"potentialAction\":[{\"@type\":\"ReadAction\",\"target\":[\"https:\/\/adtwist.fi\/index.php\/twist\/\"]}]},{\"@type\":\"BreadcrumbList\",\"@id\":\"https:\/\/adtwist.fi\/index.php\/twist\/#breadcrumb\",\"itemListElement\":[{\"@type\":\"ListItem\",\"position\":1,\"name\":\"Home\",\"item\":\"https:\/\/adtwist.fi\/\"},{\"@type\":\"ListItem\",\"position\":2,\"name\":\"Twist\"}]},{\"@type\":\"WebSite\",\"@id\":\"https:\/\/adtwist.fi\/#website\",\"url\":\"https:\/\/adtwist.fi\/\",\"name\":\"Br\u00e4nditoimisto Ad Twist\",\"description\":\"Vahvoja br\u00e4ndej\u00e4 ja visuaalisia tarinoita\",\"publisher\":{\"@id\":\"https:\/\/adtwist.fi\/#organization\"},\"potentialAction\":[{\"@type\":\"SearchAction\",\"target\":{\"@type\":\"EntryPoint\",\"urlTemplate\":\"https:\/\/adtwist.fi\/?s={search_term_string}\"},\"query-input\":{\"@type\":\"PropertyValueSpecification\",\"valueRequired\":true,\"valueName\":\"search_term_string\"}}],\"inLanguage\":\"fi\"},{\"@type\":\"Organization\",\"@id\":\"https:\/\/adtwist.fi\/#organization\",\"name\":\"Ad Twist ky\",\"url\":\"https:\/\/adtwist.fi\/\",\"logo\":{\"@type\":\"ImageObject\",\"inLanguage\":\"fi\",\"@id\":\"https:\/\/adtwist.fi\/#\/schema\/logo\/image\/\",\"url\":\"https:\/\/adtwist.fi\/wp-content\/uploads\/2019\/03\/Twist_logo.png\",\"contentUrl\":\"https:\/\/adtwist.fi\/wp-content\/uploads\/2019\/03\/Twist_logo.png\",\"width\":368,\"height\":111,\"caption\":\"Ad Twist ky\"},\"image\":{\"@id\":\"https:\/\/adtwist.fi\/#\/schema\/logo\/image\/\"},\"sameAs\":[\"https:\/\/www.facebook.com\/adtwist\",\"https:\/\/x.com\/KurvinenJaana\",\"https:\/\/www.instagram.com\/adtwist\",\"https:\/\/www.linkedin.com\/in\/jaana-kurvinen-a5454456\",\"https:\/\/fi.pinterest.com\/adtwist\"]}]}<\/script>\n<!-- \/ Yoast SEO plugin. -->","yoast_head_json":{"title":"Br\u00e4ndivalmentaja Jaana Kurvinen","description":"T\u00e4rkein tavoitteeni on saada aikaan oivalluksia ja uusia ajatuksia, sytytt\u00e4\u00e4 uutta kipin\u00e4\u00e4 liiketoimintaan!","robots":{"index":"index","follow":"follow","max-snippet":"max-snippet:-1","max-image-preview":"max-image-preview:large","max-video-preview":"max-video-preview:-1"},"canonical":"https:\/\/adtwist.fi\/index.php\/twist\/","og_locale":"fi_FI","og_type":"article","og_title":"Br\u00e4ndivalmentaja Jaana Kurvinen","og_description":"T\u00e4rkein tavoitteeni on saada aikaan oivalluksia ja uusia ajatuksia, sytytt\u00e4\u00e4 uutta kipin\u00e4\u00e4 liiketoimintaan!","og_url":"https:\/\/adtwist.fi\/index.php\/twist\/","og_site_name":"Br\u00e4nditoimisto Ad Twist","article_publisher":"https:\/\/www.facebook.com\/adtwist","article_modified_time":"2022-04-21T11:44:39+00:00","og_image":[{"width":1650,"height":1100,"url":"https:\/\/adtwist.fi\/wp-content\/uploads\/2019\/03\/taustakuva.jpg","type":"image\/jpeg"}],"twitter_card":"summary_large_image","twitter_site":"@KurvinenJaana","twitter_misc":{"Arvioitu lukuaika":"8 minuuttia"},"schema":{"@context":"https:\/\/schema.org","@graph":[{"@type":"WebPage","@id":"https:\/\/adtwist.fi\/index.php\/twist\/","url":"https:\/\/adtwist.fi\/index.php\/twist\/","name":"Br\u00e4ndivalmentaja Jaana Kurvinen","isPartOf":{"@id":"https:\/\/adtwist.fi\/#website"},"datePublished":"2019-03-11T13:36:17+00:00","dateModified":"2022-04-21T11:44:39+00:00","description":"T\u00e4rkein tavoitteeni on saada aikaan oivalluksia ja uusia ajatuksia, sytytt\u00e4\u00e4 uutta kipin\u00e4\u00e4 liiketoimintaan!","breadcrumb":{"@id":"https:\/\/adtwist.fi\/index.php\/twist\/#breadcrumb"},"inLanguage":"fi","potentialAction":[{"@type":"ReadAction","target":["https:\/\/adtwist.fi\/index.php\/twist\/"]}]},{"@type":"BreadcrumbList","@id":"https:\/\/adtwist.fi\/index.php\/twist\/#breadcrumb","itemListElement":[{"@type":"ListItem","position":1,"name":"Home","item":"https:\/\/adtwist.fi\/"},{"@type":"ListItem","position":2,"name":"Twist"}]},{"@type":"WebSite","@id":"https:\/\/adtwist.fi\/#website","url":"https:\/\/adtwist.fi\/","name":"Br\u00e4nditoimisto Ad Twist","description":"Vahvoja br\u00e4ndej\u00e4 ja visuaalisia tarinoita","publisher":{"@id":"https:\/\/adtwist.fi\/#organization"},"potentialAction":[{"@type":"SearchAction","target":{"@type":"EntryPoint","urlTemplate":"https:\/\/adtwist.fi\/?s={search_term_string}"},"query-input":{"@type":"PropertyValueSpecification","valueRequired":true,"valueName":"search_term_string"}}],"inLanguage":"fi"},{"@type":"Organization","@id":"https:\/\/adtwist.fi\/#organization","name":"Ad Twist ky","url":"https:\/\/adtwist.fi\/","logo":{"@type":"ImageObject","inLanguage":"fi","@id":"https:\/\/adtwist.fi\/#\/schema\/logo\/image\/","url":"https:\/\/adtwist.fi\/wp-content\/uploads\/2019\/03\/Twist_logo.png","contentUrl":"https:\/\/adtwist.fi\/wp-content\/uploads\/2019\/03\/Twist_logo.png","width":368,"height":111,"caption":"Ad Twist ky"},"image":{"@id":"https:\/\/adtwist.fi\/#\/schema\/logo\/image\/"},"sameAs":["https:\/\/www.facebook.com\/adtwist","https:\/\/x.com\/KurvinenJaana","https:\/\/www.instagram.com\/adtwist","https:\/\/www.linkedin.com\/in\/jaana-kurvinen-a5454456","https:\/\/fi.pinterest.com\/adtwist"]}]}},"_links":{"self":[{"href":"https:\/\/adtwist.fi\/index.php\/wp-json\/wp\/v2\/pages\/5991"}],"collection":[{"href":"https:\/\/adtwist.fi\/index.php\/wp-json\/wp\/v2\/pages"}],"about":[{"href":"https:\/\/adtwist.fi\/index.php\/wp-json\/wp\/v2\/types\/page"}],"author":[{"embeddable":true,"href":"https:\/\/adtwist.fi\/index.php\/wp-json\/wp\/v2\/users\/1"}],"replies":[{"embeddable":true,"href":"https:\/\/adtwist.fi\/index.php\/wp-json\/wp\/v2\/comments?post=5991"}],"version-history":[{"count":26,"href":"https:\/\/adtwist.fi\/index.php\/wp-json\/wp\/v2\/pages\/5991\/revisions"}],"predecessor-version":[{"id":6142,"href":"https:\/\/adtwist.fi\/index.php\/wp-json\/wp\/v2\/pages\/5991\/revisions\/6142"}],"wp:attachment":[{"href":"https:\/\/adtwist.fi\/index.php\/wp-json\/wp\/v2\/media?parent=5991"}],"curies":[{"name":"wp","href":"https:\/\/api.w.org\/{rel}","templated":true}]}}